{"id":236,"date":"2020-12-14T21:16:44","date_gmt":"2020-12-14T20:16:44","guid":{"rendered":"https:\/\/demo.danielriegler.at\/steszgal\/?page_id=236"},"modified":"2020-12-21T15:16:45","modified_gmt":"2020-12-21T14:16:45","slug":"privacy","status":"publish","type":"page","link":"https:\/\/steszgal.at\/en\/privacy\/","title":{"rendered":"Privacy"},"content":{"rendered":"<div data-elementor-type=\"wp-page\" data-elementor-id=\"236\" class=\"elementor elementor-236\">\n\t\t\t\t\t\t<div class=\"elementor-inner\">\n\t\t\t\t<div class=\"elementor-section-wrap\">\n\t\t\t\t\t\t\t\t\t<section class=\"elementor-section elementor-top-section elementor-element elementor-element-1ffacc3 elementor-section-boxed elementor-section-height-default elementor-section-height-default\" data-id=\"1ffacc3\" data-element_type=\"section\">\n\t\t\t\t\t\t<div class=\"elementor-container elementor-column-gap-default\">\n\t\t\t\t\t\t\t<div class=\"elementor-row\">\n\t\t\t\t\t<div class=\"elementor-column elementor-col-100 elementor-top-column elementor-element elementor-element-8941d20\" data-id=\"8941d20\" data-element_type=\"column\">\n\t\t\t<div class=\"elementor-column-wrap elementor-element-populated\">\n\t\t\t\t\t\t\t<div class=\"elementor-widget-wrap\">\n\t\t\t\t\t\t<div class=\"elementor-element elementor-element-a2366e6 elementor-widget elementor-widget-heading\" data-id=\"a2366e6\" data-element_type=\"widget\" data-widget_type=\"heading.default\">\n\t\t\t\t<div class=\"elementor-widget-container\">\n\t\t\t<h2 class=\"elementor-heading-title elementor-size-default\">Because data protection is important to us<\/h2>\t\t<\/div>\n\t\t\t\t<\/div>\n\t\t\t\t<div class=\"elementor-element elementor-element-ab6a050 elementor-widget elementor-widget-text-editor\" data-id=\"ab6a050\" data-element_type=\"widget\" data-no-translation=\"\" data-widget_type=\"text-editor.default\">\n\t\t\t\t<div class=\"elementor-widget-container\">\n\t\t\t<style>.elementor-element-ab6a050{display:none !important}<\/style>\t\t<\/div>\n\t\t\t\t<\/div>\n\t\t\t\t<div class=\"elementor-element elementor-element-56f7d73 elementor-widget elementor-widget-text-editor\" data-id=\"56f7d73\" data-element_type=\"widget\" data-no-translation=\"\" data-widget_type=\"text-editor.default\">\n\t\t\t\t<div class=\"elementor-widget-container\">\n\t\t\t\t\t\t\t\t<div class=\"elementor-text-editor elementor-clearfix\">\n\t\t\t\t<p>The protection of your personal data is very important to us. Therefore we process your data exclusively on the basis of the legal regulations (DSGVO,\u00a0TKG\u00a02003). In this data protection information, we inform you about the most important aspects of data processing within the framework of our website.<\/p><p><strong>Contact with us<\/strong><\/p><p>If you contact us via the form on the website or by e\u2011mail, your data will be stored in order to process the request and in case of follow-up questions. We will delete this Information after 6 months and will not share this information without your consent.<\/p><p><strong>Cookies<\/strong><\/p><p>Our website uses functions of web analytics services. Cookies are used to analyse the use of the website by your users. The information generated thereby is transmitted to the server of the provider and stored there.<\/p><p>You can prevent this by setting up your browser so that no cookies are stored.<\/p><p>We have concluded a corresponding contract data processing contract with the provider.<\/p><p><strong>Google Analytics<\/strong><\/p><p>This website uses Google Analytics, a web analytics service provided by Google, Inc. (\u201cGoogle\u201d). The use is made on the basis of Article 6 para. 1 p. 1 lit. F.\u00a0GDPR. Google Analytics uses so-called \u201ccookies\u201d, text files that are stored on your computer and that allow an analysis of the use of the website by you. The information generated by the cookie about your use of the website such as<\/p><ul><li>browser type \/ version,<\/li><li>Operating system used,<\/li><li>Referrer\u00a0URL\u00a0(the previously visited page),<\/li><li>Hostname of the accessing computer (IP\u00a0address),<\/li><li>time of server request,<\/li><\/ul><p>are usually transmitted to a Google server in the\u00a0US\u00a0and stored there. Google will not associate your\u00a0IP\u00a0address with any other data held by Google. We have also extended the code \u201canonymizeIP\u201d on this website to Google Analytics. This guarantees the masking of your\u00a0IP\u00a0address so that all data is collected anonymously. Only in exceptional cases will the full\u00a0IP\u00a0address be sent to a Google server in the\u00a0USA\u00a0and shortened there.<\/p><p>On behalf of the operator of this website, Google will use this information to evaluate your use of the website, to compile reports on website activity and to provide other services related to website usage and internet usage to the website operator. You can prevent the storage of cookies by a corresponding setting of your browser software; however, we point out that in this case you may not be able to use all the features of this website to the full extent.<\/p><p>You can also prevent Google from collecting the data generated by the cookie and related to your use of the website (including your\u00a0IP\u00a0address) and by processing that data by Google by providing it at the following link. Download and install browser plugin: <a href=\"http:\/\/tools.google.com\/dlpage\/gaoptout?hl=de\">http:\/\/tools.google.com\/dlpage\/gaoptout?hl=de<\/a>. As an alternative to the browser add-on, especially for browsers on mobile devices, you can also prevent detection by Google Analytics by clicking on this link. An opt-out cookie is set to prevent the future collection of your data when you visit this website. The opt-out cookie is only valid in this browser and only for our website and is stored on your device. If you delete the cookies in this browser, you must reset the opt-out cookie.<\/p><p>We continue to use Google Analytics to analyze data from Double-Click and AdWords for statistical purposes. If you don\u2019t want to, you can do the settings you want through the Google configuration for advertising. Information about the possible settings can be found here: <a href=\"https:\/\/support.google.com\/ads\/answer\/2662922?hl=de\">https:\/\/support.google.com\/ads\/answer\/2662922?hl=de<\/a><\/p><p>Your\u00a0IP\u00a0address will be recorded, but immediately pseudonymised. As a result, only rough localization is possible.<\/p><p>The relationship with the web analytics provider is based on \u201cPrivacy Shield.\u201d<\/p><p>Data processing is carried out on the basis of the statutory provisions of \u00a7 96 (3)\u00a0TKG\u00a0and Art 6 (1 lit a) and f (legitimate interest) of the\u00a0GDPR.<\/p><p>Our concern in the sense of the\u00a0GDPR\u00a0(legitimate interest) is to improve our offer and our website. Since the privacy of our users is important to us, the user data is<\/p><p>User data will be kept for 26 months.<\/p><p><strong>Contact requests<\/strong><\/p><p>You can contact us by phone, email or contact form. The data you provide will be used to process the request. In order to process your request, the processing of this data is required. Without their provision, it is not possible for us to process your request.<br \/>Perception of your affected rights<\/p><p>You are entitled to the following rights: Right to information (Article 15\u00a0GDPR), right to rectification (Article 16\u00a0GDPR, \u201cright to erasure (Article 17\u00a0GDPR), right to restriction (Article 18\u00a0GDPR), data portability (Article 20\u00a0GDPR) and right to Contradiction (Article 21\u00a0GDPR). You can assert these affected rights by e\u2011mail to <a href=\"mailto:office@steszgal.at\">office@steszgal.at<\/a> or alternatively by letter to the company\u2019s address.<\/p><p>If there are any grounds for complaints about the processing of your data by us, you can contact the Austrian Data Protection Authority as a supervisory authority at any time: Wickenburggasse 8\u201310, 1080 Vienna, tel: + 43 1 52 152\u20130, <a href=\"mailto:dsb@dsb.gv.at\">dsb@dsb.gv.at<\/a>.<\/p><p><strong>General and contact<\/strong><\/p><p>We reserve the right to change this Privacy Statement at any time with effect for the future, the current version is available on our website. You can contact us under the following contact details: Steszgal Informationstechnologie GmbH, Kirchengasse 16,1070 Wien<br \/>E-Mail: <a href=\"mailto:office@steszgal.at\">office@steszgal.at<\/a><\/p>\t\t\t\t\t<\/div>\n\t\t\t\t\t\t<\/div>\n\t\t\t\t<\/div>\n\t\t\t\t\t\t<\/div>\n\t\t\t\t\t<\/div>\n\t\t<\/div>\n\t\t\t\t\t\t\t\t<\/div>\n\t\t\t\t\t<\/div>\n\t\t<\/section>\n\t\t\t\t\t\t\t\t\t<\/div>\n\t\t\t<\/div>\n\t\t\t\t\t<\/div>","protected":false},"excerpt":{"rendered":"<p>Weil uns Datenschutz wichtig ist Datenschutzerkl\u00e4rung Der Schutz Ihrer pers\u00f6nlichen Daten ist uns ein besonderes Anliegen. Wir verarbeiten Ihre Daten daher ausschlie\u00dflich auf Grundlage der gesetzlichen Bestimmungen (DSGVO, TKG 2003). In diesen Datenschutzinformationen informieren wir Sie \u00fcber die wichtigsten Aspekte der Datenverarbeitung im Rahmen unserer Website. Kontakt mit uns Wenn Sie per Formular auf der [&hellip;]<\/p>","protected":false},"author":1,"featured_media":0,"parent":0,"menu_order":0,"comment_status":"closed","ping_status":"closed","template":"","meta":[],"_links":{"self":[{"href":"https:\/\/steszgal.at\/en\/wp-json\/wp\/v2\/pages\/236"}],"collection":[{"href":"https:\/\/steszgal.at\/en\/wp-json\/wp\/v2\/pages"}],"about":[{"href":"https:\/\/steszgal.at\/en\/wp-json\/wp\/v2\/types\/page"}],"author":[{"embeddable":true,"href":"https:\/\/steszgal.at\/en\/wp-json\/wp\/v2\/users\/1"}],"replies":[{"embeddable":true,"href":"https:\/\/steszgal.at\/en\/wp-json\/wp\/v2\/comments?post=236"}],"version-history":[{"count":11,"href":"https:\/\/steszgal.at\/en\/wp-json\/wp\/v2\/pages\/236\/revisions"}],"predecessor-version":[{"id":294,"href":"https:\/\/steszgal.at\/en\/wp-json\/wp\/v2\/pages\/236\/revisions\/294"}],"wp:attachment":[{"href":"https:\/\/steszgal.at\/en\/wp-json\/wp\/v2\/media?parent=236"}],"curies":[{"name":"wp","href":"https:\/\/api.w.org\/{rel}","templated":true}]}}